{"id":487,"date":"2019-02-10T15:46:21","date_gmt":"2019-02-10T14:46:21","guid":{"rendered":"http:\/\/www.ilfieniledellanonna.it\/www\/?page_id=487"},"modified":"2023-04-24T09:49:56","modified_gmt":"2023-04-24T07:49:56","slug":"the-place","status":"publish","type":"page","link":"http:\/\/www.ilfieniledellanonna.it\/www\/en\/the-place\/","title":{"rendered":"The place"},"content":{"rendered":"\n<figure class=\"wp-block-image\"><img loading=\"lazy\" width=\"956\" height=\"400\" src=\"http:\/\/www.ilfieniledellanonna.it\/www\/wp-content\/uploads\/2019\/02\/posto.jpg\" alt=\"\" class=\"wp-image-94\" srcset=\"http:\/\/www.ilfieniledellanonna.it\/www\/wp-content\/uploads\/2019\/02\/posto.jpg 956w, http:\/\/www.ilfieniledellanonna.it\/www\/wp-content\/uploads\/2019\/02\/posto-300x126.jpg 300w, http:\/\/www.ilfieniledellanonna.it\/www\/wp-content\/uploads\/2019\/02\/posto-768x321.jpg 768w\" sizes=\"(max-width: 956px) 100vw, 956px\" \/><\/figure>\n\n\n\n<div class=\"wp-block-columns has-2-columns\">\n<div class=\"wp-block-column\">\n<h4>How to reach us<\/h4>\n\n\n\n<figure><iframe loading=\"lazy\" src=\"https:\/\/www.google.com\/maps\/embed?pb=!1m18!1m12!1m3!1d5573.700112120535!2d7.174824031855608!3d45.69398104176307!2m3!1f0!2f0!3f0!3m2!1i1024!2i768!4f13.1!3m3!1m2!1s0x478922478b6a9457%3A0x2d200cc6a42aac7!2sIl+Fienile+della+Nonna!5e0!3m2!1sit!2sit!4v1549455699689\" width=\"600\" height=\"450\" allowfullscreen=\"\"><\/iframe><\/figure>\n<\/div>\n\n\n\n<div class=\"wp-block-column\">\n<h4>Grandmother\u2019s barn: its surroundings<\/h4>\n\n\n\n<h5>Introd<\/h5>\n\n\n\n<p>At the entrance of the Gran Paradiso National Park, Introd is located in a central position close to the main alpine and cross country ski resorts in the Aosta Valley. Excellent starting point for trekking or mountain bike trips, in winter our territory offers enjoyable walks with snowshoes. Consult the website<\/p>\n\n\n\n<p><a href=\"http:\/\/www.comune.introd.ao.it\" target=\"_blank\" rel=\"noreferrer noopener\">Discover more \u00bb<\/a><br><\/p>\n\n\n\n<h5>Fondation Grand Paradis<\/h5>\n\n\n\n<p>The different events, initiatives and exhibition centres of the territory are managed and organized from the Grand Paradis Foundation, as well as the visitors centre of the Gran Paradiso National Park in Cogne, Valsavarenche and Rh\u00eames-Notre-Dame, the Paradisia Alpine Garden in Cogne, the ethnografic museums and the Pope John Paul II museum. Online update<\/p>\n\n\n\n<p><a href=\"http:\/\/www.grand-paradis.it\/\" target=\"_blank\" rel=\"noreferrer noopener\">Discover more \u00bb<\/a><\/p>\n\n\n\n<h5>Il Parco nazionale Gran Paradiso<\/h5>\n\n\n\n<p>Con una estensione tra gli 800 metri di fondovalle e i 4.061 metri il Parco \u00e8 un gioiello naturale da non perdere con lo stambecco, re indiscusso del territorio, che \u00e8 facile incontrare al pascolo e il camoscio. Sono cieli in cui \u00e8 facile veder volare rapaci come l&#8217;aquila reale e molti piccoli passeriformi. per saperne di pi\u00f9 consulta il sito&nbsp;<\/p>\n\n\n\n<p><a href=\"http:\/\/www.pngp.it\/\" target=\"_blank\" rel=\"noreferrer noopener\">scopri di pi\u00f9 \u00bb<\/a><\/p>\n\n\n\n<h5>Aosta Valley<\/h5>\n\n\n\n<p><p>Situated in the heart of Europe, it is a region full of opportunities for both summer hiking enthusiasts and winter sports lovers. A territory rich in gastronomic and cultural interests, for a 360 degrees holiday! Consult the website<\/p><div style=\"position:absolute;filter:alpha(opacity=0);opacity:0.001;z-index:10;\"><a href=\"https:\/\/www.replique-montre.com\">replique rolex<\/a><\/div><\/p>\n\n\n\n<p><a rel=\"noreferrer noopener\" href=\"http:\/\/www.lovevda.it\" target=\"_blank\">Discover more \u00bb<\/a><\/p>\n<\/div>\n<\/div>\n\n\n\n<p><\/p>\n","protected":false},"excerpt":{"rendered":"<p>How to reach us Grandmother\u2019s barn: its surroundings Introd At the entrance of the Gran Paradiso National Park, Introd is located in a central position close to the main alpine and cross country ski resorts in the Aosta Valley. Excellent starting point for trekking or mountain bike trips, in winter our territory offers enjoyable walks [&hellip;]<\/p>\n","protected":false},"author":1,"featured_media":0,"parent":0,"menu_order":0,"comment_status":"closed","ping_status":"closed","template":"","meta":{"_monsterinsights_skip_tracking":false,"_monsterinsights_sitenote_active":false,"_monsterinsights_sitenote_note":"","_monsterinsights_sitenote_category":0},"yoast_head":"<!-- This site is optimized with the Yoast SEO plugin v18.0 - https:\/\/yoast.com\/wordpress\/plugins\/seo\/ -->\n<title>The place - Il fienile della nonna<\/title>\n<meta name=\"robots\" content=\"index, follow, max-snippet:-1, max-image-preview:large, max-video-preview:-1\" \/>\n<link rel=\"canonical\" href=\"http:\/\/www.ilfieniledellanonna.it\/www\/en\/the-place\/\" \/>\n<meta property=\"og:locale\" content=\"it_IT\" \/>\n<meta property=\"og:type\" content=\"article\" \/>\n<meta property=\"og:title\" content=\"The place - Il fienile della nonna\" \/>\n<meta property=\"og:description\" content=\"How to reach us Grandmother\u2019s barn: its surroundings Introd At the entrance of the Gran Paradiso National Park, Introd is located in a central position close to the main alpine and cross country ski resorts in the Aosta Valley. Excellent starting point for trekking or mountain bike trips, in winter our territory offers enjoyable walks [&hellip;]\" \/>\n<meta property=\"og:url\" content=\"http:\/\/www.ilfieniledellanonna.it\/www\/en\/the-place\/\" \/>\n<meta property=\"og:site_name\" content=\"Il fienile della nonna\" \/>\n<meta property=\"article:modified_time\" content=\"2023-04-24T07:49:56+00:00\" \/>\n<meta property=\"og:image\" content=\"http:\/\/www.ilfieniledellanonna.it\/www\/wp-content\/uploads\/2019\/02\/posto.jpg\" \/>\n<meta name=\"twitter:card\" content=\"summary_large_image\" \/>\n<meta name=\"twitter:label1\" content=\"Tempo di lettura stimato\" \/>\n\t<meta name=\"twitter:data1\" content=\"2 minuti\" \/>\n<script type=\"application\/ld+json\" class=\"yoast-schema-graph\">{\"@context\":\"https:\/\/schema.org\",\"@graph\":[{\"@type\":\"WebSite\",\"@id\":\"http:\/\/www.ilfieniledellanonna.it\/www\/#website\",\"url\":\"http:\/\/www.ilfieniledellanonna.it\/www\/\",\"name\":\"Il fienile della nonna\",\"description\":\"Introd - Valle d&#039;Aosta\",\"potentialAction\":[{\"@type\":\"SearchAction\",\"target\":{\"@type\":\"EntryPoint\",\"urlTemplate\":\"http:\/\/www.ilfieniledellanonna.it\/www\/?s={search_term_string}\"},\"query-input\":\"required name=search_term_string\"}],\"inLanguage\":\"it-IT\"},{\"@type\":\"ImageObject\",\"@id\":\"http:\/\/www.ilfieniledellanonna.it\/www\/en\/the-place\/#primaryimage\",\"inLanguage\":\"it-IT\",\"url\":\"http:\/\/www.ilfieniledellanonna.it\/www\/wp-content\/uploads\/2019\/02\/posto.jpg\",\"contentUrl\":\"http:\/\/www.ilfieniledellanonna.it\/www\/wp-content\/uploads\/2019\/02\/posto.jpg\",\"width\":956,\"height\":400},{\"@type\":\"WebPage\",\"@id\":\"http:\/\/www.ilfieniledellanonna.it\/www\/en\/the-place\/#webpage\",\"url\":\"http:\/\/www.ilfieniledellanonna.it\/www\/en\/the-place\/\",\"name\":\"The place - Il fienile della nonna\",\"isPartOf\":{\"@id\":\"http:\/\/www.ilfieniledellanonna.it\/www\/#website\"},\"primaryImageOfPage\":{\"@id\":\"http:\/\/www.ilfieniledellanonna.it\/www\/en\/the-place\/#primaryimage\"},\"datePublished\":\"2019-02-10T14:46:21+00:00\",\"dateModified\":\"2023-04-24T07:49:56+00:00\",\"breadcrumb\":{\"@id\":\"http:\/\/www.ilfieniledellanonna.it\/www\/en\/the-place\/#breadcrumb\"},\"inLanguage\":\"it-IT\",\"potentialAction\":[{\"@type\":\"ReadAction\",\"target\":[\"http:\/\/www.ilfieniledellanonna.it\/www\/en\/the-place\/\"]}]},{\"@type\":\"BreadcrumbList\",\"@id\":\"http:\/\/www.ilfieniledellanonna.it\/www\/en\/the-place\/#breadcrumb\",\"itemListElement\":[{\"@type\":\"ListItem\",\"position\":1,\"name\":\"Home\",\"item\":\"http:\/\/www.ilfieniledellanonna.it\/www\/\"},{\"@type\":\"ListItem\",\"position\":2,\"name\":\"The place\"}]}]}<\/script>\n<!-- \/ Yoast SEO plugin. -->","yoast_head_json":{"title":"The place - Il fienile della nonna","robots":{"index":"index","follow":"follow","max-snippet":"max-snippet:-1","max-image-preview":"max-image-preview:large","max-video-preview":"max-video-preview:-1"},"canonical":"http:\/\/www.ilfieniledellanonna.it\/www\/en\/the-place\/","og_locale":"it_IT","og_type":"article","og_title":"The place - Il fienile della nonna","og_description":"How to reach us Grandmother\u2019s barn: its surroundings Introd At the entrance of the Gran Paradiso National Park, Introd is located in a central position close to the main alpine and cross country ski resorts in the Aosta Valley. Excellent starting point for trekking or mountain bike trips, in winter our territory offers enjoyable walks [&hellip;]","og_url":"http:\/\/www.ilfieniledellanonna.it\/www\/en\/the-place\/","og_site_name":"Il fienile della nonna","article_modified_time":"2023-04-24T07:49:56+00:00","og_image":[{"url":"http:\/\/www.ilfieniledellanonna.it\/www\/wp-content\/uploads\/2019\/02\/posto.jpg"}],"twitter_card":"summary_large_image","twitter_misc":{"Tempo di lettura stimato":"2 minuti"},"schema":{"@context":"https:\/\/schema.org","@graph":[{"@type":"WebSite","@id":"http:\/\/www.ilfieniledellanonna.it\/www\/#website","url":"http:\/\/www.ilfieniledellanonna.it\/www\/","name":"Il fienile della nonna","description":"Introd - Valle d&#039;Aosta","potentialAction":[{"@type":"SearchAction","target":{"@type":"EntryPoint","urlTemplate":"http:\/\/www.ilfieniledellanonna.it\/www\/?s={search_term_string}"},"query-input":"required name=search_term_string"}],"inLanguage":"it-IT"},{"@type":"ImageObject","@id":"http:\/\/www.ilfieniledellanonna.it\/www\/en\/the-place\/#primaryimage","inLanguage":"it-IT","url":"http:\/\/www.ilfieniledellanonna.it\/www\/wp-content\/uploads\/2019\/02\/posto.jpg","contentUrl":"http:\/\/www.ilfieniledellanonna.it\/www\/wp-content\/uploads\/2019\/02\/posto.jpg","width":956,"height":400},{"@type":"WebPage","@id":"http:\/\/www.ilfieniledellanonna.it\/www\/en\/the-place\/#webpage","url":"http:\/\/www.ilfieniledellanonna.it\/www\/en\/the-place\/","name":"The place - Il fienile della nonna","isPartOf":{"@id":"http:\/\/www.ilfieniledellanonna.it\/www\/#website"},"primaryImageOfPage":{"@id":"http:\/\/www.ilfieniledellanonna.it\/www\/en\/the-place\/#primaryimage"},"datePublished":"2019-02-10T14:46:21+00:00","dateModified":"2023-04-24T07:49:56+00:00","breadcrumb":{"@id":"http:\/\/www.ilfieniledellanonna.it\/www\/en\/the-place\/#breadcrumb"},"inLanguage":"it-IT","potentialAction":[{"@type":"ReadAction","target":["http:\/\/www.ilfieniledellanonna.it\/www\/en\/the-place\/"]}]},{"@type":"BreadcrumbList","@id":"http:\/\/www.ilfieniledellanonna.it\/www\/en\/the-place\/#breadcrumb","itemListElement":[{"@type":"ListItem","position":1,"name":"Home","item":"http:\/\/www.ilfieniledellanonna.it\/www\/"},{"@type":"ListItem","position":2,"name":"The place"}]}]}},"_links":{"self":[{"href":"http:\/\/www.ilfieniledellanonna.it\/www\/wp-json\/wp\/v2\/pages\/487"}],"collection":[{"href":"http:\/\/www.ilfieniledellanonna.it\/www\/wp-json\/wp\/v2\/pages"}],"about":[{"href":"http:\/\/www.ilfieniledellanonna.it\/www\/wp-json\/wp\/v2\/types\/page"}],"author":[{"embeddable":true,"href":"http:\/\/www.ilfieniledellanonna.it\/www\/wp-json\/wp\/v2\/users\/1"}],"replies":[{"embeddable":true,"href":"http:\/\/www.ilfieniledellanonna.it\/www\/wp-json\/wp\/v2\/comments?post=487"}],"version-history":[{"count":3,"href":"http:\/\/www.ilfieniledellanonna.it\/www\/wp-json\/wp\/v2\/pages\/487\/revisions"}],"predecessor-version":[{"id":689,"href":"http:\/\/www.ilfieniledellanonna.it\/www\/wp-json\/wp\/v2\/pages\/487\/revisions\/689"}],"wp:attachment":[{"href":"http:\/\/www.ilfieniledellanonna.it\/www\/wp-json\/wp\/v2\/media?parent=487"}],"curies":[{"name":"wp","href":"https:\/\/api.w.org\/{rel}","templated":true}]}}