{"id":484,"date":"2019-02-10T15:45:58","date_gmt":"2019-02-10T14:45:58","guid":{"rendered":"http:\/\/www.ilfieniledellanonna.it\/www\/?page_id=484"},"modified":"2019-02-10T15:55:24","modified_gmt":"2019-02-10T14:55:24","slug":"flats","status":"publish","type":"page","link":"http:\/\/www.ilfieniledellanonna.it\/www\/en\/flats\/","title":{"rendered":"Flats"},"content":{"rendered":"\n<h3>One flat one personality<\/h3>\n\n\n\n<figure class=\"wp-block-image\"><img loading=\"lazy\" width=\"956\" height=\"260\" src=\"http:\/\/www.ilfieniledellanonna.it\/www\/wp-content\/uploads\/2019\/02\/ilfienile.jpg\" alt=\"\" class=\"wp-image-69\" srcset=\"http:\/\/www.ilfieniledellanonna.it\/www\/wp-content\/uploads\/2019\/02\/ilfienile.jpg 956w, http:\/\/www.ilfieniledellanonna.it\/www\/wp-content\/uploads\/2019\/02\/ilfienile-300x82.jpg 300w, http:\/\/www.ilfieniledellanonna.it\/www\/wp-content\/uploads\/2019\/02\/ilfienile-768x209.jpg 768w\" sizes=\"(max-width: 956px) 100vw, 956px\" \/><\/figure>\n\n\n\n<div class=\"wp-block-columns has-3-columns\">\n<div class=\"wp-block-column\">\n<figure class=\"wp-block-image\"><img loading=\"lazy\" width=\"1024\" height=\"683\" src=\"http:\/\/www.ilfieniledellanonna.it\/www\/wp-content\/uploads\/2019\/02\/2T2Y5947_1_risultato-1024x683.jpg\" alt=\"\" class=\"wp-image-144\" srcset=\"http:\/\/www.ilfieniledellanonna.it\/www\/wp-content\/uploads\/2019\/02\/2T2Y5947_1_risultato.jpg 1024w, http:\/\/www.ilfieniledellanonna.it\/www\/wp-content\/uploads\/2019\/02\/2T2Y5947_1_risultato-300x200.jpg 300w, http:\/\/www.ilfieniledellanonna.it\/www\/wp-content\/uploads\/2019\/02\/2T2Y5947_1_risultato-768x512.jpg 768w\" sizes=\"(max-width: 1024px) 100vw, 1024px\" \/><\/figure>\n\n\n\n<p style=\"background-color:#f5d47a\" class=\"has-text-color has-background has-very-dark-gray-color\"><em><strong><a href=\"http:\/\/www.ilfieniledellanonna.it\/www\/flat-1\/\">1<\/a><\/strong><a href=\"http:\/\/www.ilfieniledellanonna.it\/www\/flat-1\/\"> fo<\/a><\/em><\/p>\n<\/div>\n\n\n\n<div class=\"wp-block-column\">\n<figure class=\"wp-block-image\"><img loading=\"lazy\" width=\"1024\" height=\"683\" src=\"http:\/\/www.ilfieniledellanonna.it\/www\/wp-content\/uploads\/2019\/02\/IMG_6510_risultato-1024x683.jpg\" alt=\"\" class=\"wp-image-147\" srcset=\"http:\/\/www.ilfieniledellanonna.it\/www\/wp-content\/uploads\/2019\/02\/IMG_6510_risultato.jpg 1024w, http:\/\/www.ilfieniledellanonna.it\/www\/wp-content\/uploads\/2019\/02\/IMG_6510_risultato-300x200.jpg 300w, http:\/\/www.ilfieniledellanonna.it\/www\/wp-content\/uploads\/2019\/02\/IMG_6510_risultato-768x512.jpg 768w\" sizes=\"(max-width: 1024px) 100vw, 1024px\" \/><\/figure>\n\n\n\n<p style=\"background-color:#9bd9ff\" class=\"has-text-color has-background has-very-dark-gray-color\"><em><strong><a href=\"http:\/\/www.ilfieniledellanonna.it\/www\/flat-2\/\">2<\/a><\/strong><a href=\"http:\/\/www.ilfieniledellanonna.it\/www\/flat-2\/\"> f\u00e8iheuille<\/a><\/em><\/p>\n\n\n\n<p><\/p>\n<\/div>\n\n\n\n<div class=\"wp-block-column\">\n<figure class=\"wp-block-image\"><img loading=\"lazy\" width=\"1024\" height=\"683\" src=\"http:\/\/www.ilfieniledellanonna.it\/www\/wp-content\/uploads\/2019\/02\/IMG_8502_risultato-1024x683.jpg\" alt=\"\" class=\"wp-image-148\" srcset=\"http:\/\/www.ilfieniledellanonna.it\/www\/wp-content\/uploads\/2019\/02\/IMG_8502_risultato.jpg 1024w, http:\/\/www.ilfieniledellanonna.it\/www\/wp-content\/uploads\/2019\/02\/IMG_8502_risultato-300x200.jpg 300w, http:\/\/www.ilfieniledellanonna.it\/www\/wp-content\/uploads\/2019\/02\/IMG_8502_risultato-768x512.jpg 768w\" sizes=\"(max-width: 1024px) 100vw, 1024px\" \/><\/figure>\n\n\n\n<p class=\"has-text-color has-background has-very-dark-gray-color has-light-green-cyan-background-color\"><em><strong><a href=\"http:\/\/www.ilfieniledellanonna.it\/www\/flat-3\/\">3<\/a><\/strong><a href=\"http:\/\/www.ilfieniledellanonna.it\/www\/flat-3\/\"> eunhlleunno<\/a><\/em><\/p>\n<\/div>\n<\/div>\n\n\n\n<div class=\"wp-block-columns has-3-columns\">\n<div class=\"wp-block-column\">\n<figure class=\"wp-block-image\"><img loading=\"lazy\" width=\"1024\" height=\"683\" src=\"http:\/\/www.ilfieniledellanonna.it\/www\/wp-content\/uploads\/2019\/02\/2T2Y1247_1_risultato-1024x683.jpg\" alt=\"\" class=\"wp-image-146\" srcset=\"http:\/\/www.ilfieniledellanonna.it\/www\/wp-content\/uploads\/2019\/02\/2T2Y1247_1_risultato.jpg 1024w, http:\/\/www.ilfieniledellanonna.it\/www\/wp-content\/uploads\/2019\/02\/2T2Y1247_1_risultato-300x200.jpg 300w, http:\/\/www.ilfieniledellanonna.it\/www\/wp-content\/uploads\/2019\/02\/2T2Y1247_1_risultato-768x512.jpg 768w\" sizes=\"(max-width: 1024px) 100vw, 1024px\" \/><\/figure>\n\n\n\n<p class=\"has-text-color has-background has-very-dark-gray-color has-very-light-gray-background-color\"><em><strong><a href=\"http:\/\/www.ilfieniledellanonna.it\/www\/flat-4\/\">4<\/a><\/strong><a href=\"http:\/\/www.ilfieniledellanonna.it\/www\/flat-4\/\"> rah\u00ec<\/a><\/em><\/p>\n<\/div>\n\n\n\n<div class=\"wp-block-column\">\n<figure class=\"wp-block-image\"><img loading=\"lazy\" width=\"1024\" height=\"683\" src=\"http:\/\/www.ilfieniledellanonna.it\/www\/wp-content\/uploads\/2019\/02\/IMG_8487_risultato-1024x683.jpg\" alt=\"\" class=\"wp-image-143\" srcset=\"http:\/\/www.ilfieniledellanonna.it\/www\/wp-content\/uploads\/2019\/02\/IMG_8487_risultato.jpg 1024w, http:\/\/www.ilfieniledellanonna.it\/www\/wp-content\/uploads\/2019\/02\/IMG_8487_risultato-300x200.jpg 300w, http:\/\/www.ilfieniledellanonna.it\/www\/wp-content\/uploads\/2019\/02\/IMG_8487_risultato-768x512.jpg 768w\" sizes=\"(max-width: 1024px) 100vw, 1024px\" \/><\/figure>\n\n\n\n<p style=\"background-color:#ff924e\" class=\"has-text-color has-background has-very-dark-gray-color\"><em><strong><a href=\"http:\/\/www.ilfieniledellanonna.it\/www\/flat-5\/\">5<\/a><\/strong><a href=\"http:\/\/www.ilfieniledellanonna.it\/www\/flat-5\/\"> coppaf\u00e8n<\/a><\/em><\/p>\n<\/div>\n\n\n\n<div class=\"wp-block-column\">\n<figure class=\"wp-block-image\"><img loading=\"lazy\" width=\"1024\" height=\"683\" src=\"http:\/\/www.ilfieniledellanonna.it\/www\/wp-content\/uploads\/2019\/02\/2T2Y6105_1_risultato-1024x683.jpg\" alt=\"\" class=\"wp-image-145\" srcset=\"http:\/\/www.ilfieniledellanonna.it\/www\/wp-content\/uploads\/2019\/02\/2T2Y6105_1_risultato.jpg 1024w, http:\/\/www.ilfieniledellanonna.it\/www\/wp-content\/uploads\/2019\/02\/2T2Y6105_1_risultato-300x200.jpg 300w, http:\/\/www.ilfieniledellanonna.it\/www\/wp-content\/uploads\/2019\/02\/2T2Y6105_1_risultato-768x512.jpg 768w\" sizes=\"(max-width: 1024px) 100vw, 1024px\" \/><\/figure>\n\n\n\n<p style=\"background-color:#bb9fd3\" class=\"has-text-color has-background has-very-dark-gray-color\"><em><strong><a href=\"http:\/\/www.ilfieniledellanonna.it\/www\/flat-6\/\">6<\/a><\/strong><a href=\"http:\/\/www.ilfieniledellanonna.it\/www\/flat-6\/\"> bal\u00f2n<\/a><\/em><\/p>\n<\/div>\n<\/div>\n","protected":false},"excerpt":{"rendered":"<p>One flat one personality 1 fo 2 f\u00e8iheuille 3 eunhlleunno 4 rah\u00ec 5 coppaf\u00e8n 6 bal\u00f2n<\/p>\n","protected":false},"author":1,"featured_media":0,"parent":0,"menu_order":0,"comment_status":"closed","ping_status":"closed","template":"","meta":{"_monsterinsights_skip_tracking":false,"_monsterinsights_sitenote_active":false,"_monsterinsights_sitenote_note":"","_monsterinsights_sitenote_category":0},"yoast_head":"<!-- This site is optimized with the Yoast SEO plugin v18.0 - https:\/\/yoast.com\/wordpress\/plugins\/seo\/ -->\n<title>Flats - Il fienile della nonna<\/title>\n<meta name=\"robots\" content=\"index, follow, max-snippet:-1, max-image-preview:large, max-video-preview:-1\" \/>\n<link rel=\"canonical\" href=\"http:\/\/www.ilfieniledellanonna.it\/www\/en\/flats\/\" \/>\n<meta property=\"og:locale\" content=\"it_IT\" \/>\n<meta property=\"og:type\" content=\"article\" \/>\n<meta property=\"og:title\" content=\"Flats - Il fienile della nonna\" \/>\n<meta property=\"og:description\" content=\"One flat one personality 1 fo 2 f\u00e8iheuille 3 eunhlleunno 4 rah\u00ec 5 coppaf\u00e8n 6 bal\u00f2n\" \/>\n<meta property=\"og:url\" content=\"http:\/\/www.ilfieniledellanonna.it\/www\/en\/flats\/\" \/>\n<meta property=\"og:site_name\" content=\"Il fienile della nonna\" \/>\n<meta property=\"article:modified_time\" content=\"2019-02-10T14:55:24+00:00\" \/>\n<meta property=\"og:image\" content=\"http:\/\/www.ilfieniledellanonna.it\/www\/wp-content\/uploads\/2019\/02\/ilfienile.jpg\" \/>\n<meta name=\"twitter:card\" content=\"summary_large_image\" \/>\n<script type=\"application\/ld+json\" class=\"yoast-schema-graph\">{\"@context\":\"https:\/\/schema.org\",\"@graph\":[{\"@type\":\"WebSite\",\"@id\":\"http:\/\/www.ilfieniledellanonna.it\/www\/#website\",\"url\":\"http:\/\/www.ilfieniledellanonna.it\/www\/\",\"name\":\"Il fienile della nonna\",\"description\":\"Introd - Valle d&#039;Aosta\",\"potentialAction\":[{\"@type\":\"SearchAction\",\"target\":{\"@type\":\"EntryPoint\",\"urlTemplate\":\"http:\/\/www.ilfieniledellanonna.it\/www\/?s={search_term_string}\"},\"query-input\":\"required name=search_term_string\"}],\"inLanguage\":\"it-IT\"},{\"@type\":\"ImageObject\",\"@id\":\"http:\/\/www.ilfieniledellanonna.it\/www\/en\/flats\/#primaryimage\",\"inLanguage\":\"it-IT\",\"url\":\"http:\/\/www.ilfieniledellanonna.it\/www\/wp-content\/uploads\/2019\/02\/ilfienile.jpg\",\"contentUrl\":\"http:\/\/www.ilfieniledellanonna.it\/www\/wp-content\/uploads\/2019\/02\/ilfienile.jpg\",\"width\":956,\"height\":260},{\"@type\":\"WebPage\",\"@id\":\"http:\/\/www.ilfieniledellanonna.it\/www\/en\/flats\/#webpage\",\"url\":\"http:\/\/www.ilfieniledellanonna.it\/www\/en\/flats\/\",\"name\":\"Flats - Il fienile della nonna\",\"isPartOf\":{\"@id\":\"http:\/\/www.ilfieniledellanonna.it\/www\/#website\"},\"primaryImageOfPage\":{\"@id\":\"http:\/\/www.ilfieniledellanonna.it\/www\/en\/flats\/#primaryimage\"},\"datePublished\":\"2019-02-10T14:45:58+00:00\",\"dateModified\":\"2019-02-10T14:55:24+00:00\",\"breadcrumb\":{\"@id\":\"http:\/\/www.ilfieniledellanonna.it\/www\/en\/flats\/#breadcrumb\"},\"inLanguage\":\"it-IT\",\"potentialAction\":[{\"@type\":\"ReadAction\",\"target\":[\"http:\/\/www.ilfieniledellanonna.it\/www\/en\/flats\/\"]}]},{\"@type\":\"BreadcrumbList\",\"@id\":\"http:\/\/www.ilfieniledellanonna.it\/www\/en\/flats\/#breadcrumb\",\"itemListElement\":[{\"@type\":\"ListItem\",\"position\":1,\"name\":\"Home\",\"item\":\"http:\/\/www.ilfieniledellanonna.it\/www\/\"},{\"@type\":\"ListItem\",\"position\":2,\"name\":\"Flats\"}]}]}<\/script>\n<!-- \/ Yoast SEO plugin. -->","yoast_head_json":{"title":"Flats - Il fienile della nonna","robots":{"index":"index","follow":"follow","max-snippet":"max-snippet:-1","max-image-preview":"max-image-preview:large","max-video-preview":"max-video-preview:-1"},"canonical":"http:\/\/www.ilfieniledellanonna.it\/www\/en\/flats\/","og_locale":"it_IT","og_type":"article","og_title":"Flats - Il fienile della nonna","og_description":"One flat one personality 1 fo 2 f\u00e8iheuille 3 eunhlleunno 4 rah\u00ec 5 coppaf\u00e8n 6 bal\u00f2n","og_url":"http:\/\/www.ilfieniledellanonna.it\/www\/en\/flats\/","og_site_name":"Il fienile della nonna","article_modified_time":"2019-02-10T14:55:24+00:00","og_image":[{"url":"http:\/\/www.ilfieniledellanonna.it\/www\/wp-content\/uploads\/2019\/02\/ilfienile.jpg"}],"twitter_card":"summary_large_image","schema":{"@context":"https:\/\/schema.org","@graph":[{"@type":"WebSite","@id":"http:\/\/www.ilfieniledellanonna.it\/www\/#website","url":"http:\/\/www.ilfieniledellanonna.it\/www\/","name":"Il fienile della nonna","description":"Introd - Valle d&#039;Aosta","potentialAction":[{"@type":"SearchAction","target":{"@type":"EntryPoint","urlTemplate":"http:\/\/www.ilfieniledellanonna.it\/www\/?s={search_term_string}"},"query-input":"required name=search_term_string"}],"inLanguage":"it-IT"},{"@type":"ImageObject","@id":"http:\/\/www.ilfieniledellanonna.it\/www\/en\/flats\/#primaryimage","inLanguage":"it-IT","url":"http:\/\/www.ilfieniledellanonna.it\/www\/wp-content\/uploads\/2019\/02\/ilfienile.jpg","contentUrl":"http:\/\/www.ilfieniledellanonna.it\/www\/wp-content\/uploads\/2019\/02\/ilfienile.jpg","width":956,"height":260},{"@type":"WebPage","@id":"http:\/\/www.ilfieniledellanonna.it\/www\/en\/flats\/#webpage","url":"http:\/\/www.ilfieniledellanonna.it\/www\/en\/flats\/","name":"Flats - Il fienile della nonna","isPartOf":{"@id":"http:\/\/www.ilfieniledellanonna.it\/www\/#website"},"primaryImageOfPage":{"@id":"http:\/\/www.ilfieniledellanonna.it\/www\/en\/flats\/#primaryimage"},"datePublished":"2019-02-10T14:45:58+00:00","dateModified":"2019-02-10T14:55:24+00:00","breadcrumb":{"@id":"http:\/\/www.ilfieniledellanonna.it\/www\/en\/flats\/#breadcrumb"},"inLanguage":"it-IT","potentialAction":[{"@type":"ReadAction","target":["http:\/\/www.ilfieniledellanonna.it\/www\/en\/flats\/"]}]},{"@type":"BreadcrumbList","@id":"http:\/\/www.ilfieniledellanonna.it\/www\/en\/flats\/#breadcrumb","itemListElement":[{"@type":"ListItem","position":1,"name":"Home","item":"http:\/\/www.ilfieniledellanonna.it\/www\/"},{"@type":"ListItem","position":2,"name":"Flats"}]}]}},"_links":{"self":[{"href":"http:\/\/www.ilfieniledellanonna.it\/www\/wp-json\/wp\/v2\/pages\/484"}],"collection":[{"href":"http:\/\/www.ilfieniledellanonna.it\/www\/wp-json\/wp\/v2\/pages"}],"about":[{"href":"http:\/\/www.ilfieniledellanonna.it\/www\/wp-json\/wp\/v2\/types\/page"}],"author":[{"embeddable":true,"href":"http:\/\/www.ilfieniledellanonna.it\/www\/wp-json\/wp\/v2\/users\/1"}],"replies":[{"embeddable":true,"href":"http:\/\/www.ilfieniledellanonna.it\/www\/wp-json\/wp\/v2\/comments?post=484"}],"version-history":[{"count":2,"href":"http:\/\/www.ilfieniledellanonna.it\/www\/wp-json\/wp\/v2\/pages\/484\/revisions"}],"predecessor-version":[{"id":520,"href":"http:\/\/www.ilfieniledellanonna.it\/www\/wp-json\/wp\/v2\/pages\/484\/revisions\/520"}],"wp:attachment":[{"href":"http:\/\/www.ilfieniledellanonna.it\/www\/wp-json\/wp\/v2\/media?parent=484"}],"curies":[{"name":"wp","href":"https:\/\/api.w.org\/{rel}","templated":true}]}}