{"id":309,"date":"2019-02-06T21:54:30","date_gmt":"2019-02-06T20:54:30","guid":{"rendered":"http:\/\/www.ilfieniledellanonna.it\/www\/?page_id=309"},"modified":"2019-02-12T18:29:45","modified_gmt":"2019-02-12T17:29:45","slug":"home-3","status":"publish","type":"page","link":"http:\/\/www.ilfieniledellanonna.it\/www\/fr\/home-3\/","title":{"rendered":"Home"},"content":{"rendered":"\n<div class=\"wp-block-columns has-3-columns\">\n<div class=\"wp-block-column\">\n<figure class=\"wp-block-image\"><img loading=\"lazy\" width=\"1024\" height=\"768\" src=\"http:\/\/www.ilfieniledellanonna.it\/www\/wp-content\/uploads\/2019\/02\/IMG_1474_risultato-1024x768.jpg\" alt=\"\" class=\"wp-image-101\" srcset=\"http:\/\/www.ilfieniledellanonna.it\/www\/wp-content\/uploads\/2019\/02\/IMG_1474_risultato.jpg 1024w, http:\/\/www.ilfieniledellanonna.it\/www\/wp-content\/uploads\/2019\/02\/IMG_1474_risultato-300x225.jpg 300w, http:\/\/www.ilfieniledellanonna.it\/www\/wp-content\/uploads\/2019\/02\/IMG_1474_risultato-768x576.jpg 768w\" sizes=\"(max-width: 1024px) 100vw, 1024px\" \/><\/figure>\n\n\n\n<h3>Introd<\/h3>\n\n\n\n<p>Introd, \u00ab&nbsp; entre-eaux&nbsp; \u00bb, est un charmant village qui se trouve \u00e0 quinze kilom\u00e8tres d&#8217;Aoste \u00e0 l&#8217;entr\u00e9e de la Vall\u00e9e de Rh\u00eames et de la Valsavarenche, o\u00f9 le Parc National du Grand Paradis commence. Il est le village \u00ab&nbsp; aim\u00e9 par les Papes&nbsp; \u00bb qui ont pass\u00e9 ici quelques-unes de leurs vacances estivales.<a href=\"http:\/\/www.comune.introd.ao.it\" target=\"_blank\" rel=\"noreferrer noopener\">D\u00e9couvrez-en davantage&#8230; \u00bb<\/a><\/p>\n<\/div>\n\n\n\n<div class=\"wp-block-column\">\n<figure class=\"wp-block-image\"><img loading=\"lazy\" width=\"1024\" height=\"683\" src=\"http:\/\/www.ilfieniledellanonna.it\/www\/wp-content\/uploads\/2019\/02\/IMG_4671_risultato-1024x683.jpg\" alt=\"\" class=\"wp-image-99\" srcset=\"http:\/\/www.ilfieniledellanonna.it\/www\/wp-content\/uploads\/2019\/02\/IMG_4671_risultato.jpg 1024w, http:\/\/www.ilfieniledellanonna.it\/www\/wp-content\/uploads\/2019\/02\/IMG_4671_risultato-300x200.jpg 300w, http:\/\/www.ilfieniledellanonna.it\/www\/wp-content\/uploads\/2019\/02\/IMG_4671_risultato-768x512.jpg 768w\" sizes=\"(max-width: 1024px) 100vw, 1024px\" \/><\/figure>\n\n\n\n<h3>Parc Animalier d&#8217;Introd<\/h3>\n\n\n\n<p>Un coin de Paradis o\u00f9 la faune et la flore alpine vivent en paix sous les yeux de visiteurs curieux\u2026 une le\u00e7on de nature pour les petits et les grands, un voyage d\u2019\u00e9motions qui ne finira pas de vous \u00e9tonner.<a href=\"http:\/\/www.parc-animalier-introd.it\" target=\"_blank\" rel=\"noreferrer noopener\">D\u00e9couvrez-en davantage&#8230; \u00bb<\/a><\/p>\n<\/div>\n\n\n\n<div class=\"wp-block-column\">\n<figure class=\"wp-block-image\"><img loading=\"lazy\" width=\"1024\" height=\"683\" src=\"http:\/\/www.ilfieniledellanonna.it\/www\/wp-content\/uploads\/2019\/02\/IMG_9177_risultato-1024x683.jpg\" alt=\"\" class=\"wp-image-100\" srcset=\"http:\/\/www.ilfieniledellanonna.it\/www\/wp-content\/uploads\/2019\/02\/IMG_9177_risultato.jpg 1024w, http:\/\/www.ilfieniledellanonna.it\/www\/wp-content\/uploads\/2019\/02\/IMG_9177_risultato-300x200.jpg 300w, http:\/\/www.ilfieniledellanonna.it\/www\/wp-content\/uploads\/2019\/02\/IMG_9177_risultato-768x512.jpg 768w\" sizes=\"(max-width: 1024px) 100vw, 1024px\" \/><\/figure>\n\n\n\n<h3>Les Amis du Bois<\/h3>\n\n\n\n<p>Une petite entreprise o\u00f9 l\u2019on fabrique des objets typiques en bois selon les traditions locales. \u201cGrolle\u201d et coupes de l\u2019amiti\u00e9 sont ses produits principaux.<a href=\"http:\/\/www.lesamisdubois.com\" target=\"_blank\" rel=\"noreferrer noopener\">D\u00e9couvrez-en davantage&#8230; \u00bb<\/a><\/p>\n<\/div>\n<\/div>\n","protected":false},"excerpt":{"rendered":"<p>Introd Introd, \u00ab&nbsp; entre-eaux&nbsp; \u00bb, est un charmant village qui se trouve \u00e0 quinze kilom\u00e8tres d&#8217;Aoste \u00e0 l&#8217;entr\u00e9e de la Vall\u00e9e de Rh\u00eames et de la Valsavarenche, o\u00f9 le Parc National du Grand Paradis commence. Il est le village \u00ab&nbsp; aim\u00e9 par les Papes&nbsp; \u00bb qui ont pass\u00e9 ici quelques-unes de leurs vacances estivales.D\u00e9couvrez-en davantage&#8230; [&hellip;]<\/p>\n","protected":false},"author":1,"featured_media":0,"parent":0,"menu_order":0,"comment_status":"closed","ping_status":"closed","template":"","meta":{"_monsterinsights_skip_tracking":false,"_monsterinsights_sitenote_active":false,"_monsterinsights_sitenote_note":"","_monsterinsights_sitenote_category":0},"yoast_head":"<!-- This site is optimized with the Yoast SEO plugin v18.0 - https:\/\/yoast.com\/wordpress\/plugins\/seo\/ -->\n<title>Home - Il fienile della nonna<\/title>\n<meta name=\"robots\" content=\"index, follow, max-snippet:-1, max-image-preview:large, max-video-preview:-1\" \/>\n<link rel=\"canonical\" href=\"http:\/\/www.ilfieniledellanonna.it\/www\/fr\/home-3\/\" \/>\n<meta property=\"og:locale\" content=\"it_IT\" \/>\n<meta property=\"og:type\" content=\"article\" \/>\n<meta property=\"og:title\" content=\"Home - Il fienile della nonna\" \/>\n<meta property=\"og:description\" content=\"Introd Introd, \u00ab&nbsp; entre-eaux&nbsp; \u00bb, est un charmant village qui se trouve \u00e0 quinze kilom\u00e8tres d&#8217;Aoste \u00e0 l&#8217;entr\u00e9e de la Vall\u00e9e de Rh\u00eames et de la Valsavarenche, o\u00f9 le Parc National du Grand Paradis commence. Il est le village \u00ab&nbsp; aim\u00e9 par les Papes&nbsp; \u00bb qui ont pass\u00e9 ici quelques-unes de leurs vacances estivales.D\u00e9couvrez-en davantage&#8230; [&hellip;]\" \/>\n<meta property=\"og:url\" content=\"http:\/\/www.ilfieniledellanonna.it\/www\/fr\/home-3\/\" \/>\n<meta property=\"og:site_name\" content=\"Il fienile della nonna\" \/>\n<meta property=\"article:modified_time\" content=\"2019-02-12T17:29:45+00:00\" \/>\n<meta property=\"og:image\" content=\"http:\/\/www.ilfieniledellanonna.it\/www\/wp-content\/uploads\/2019\/02\/IMG_1474_risultato-1024x768.jpg\" \/>\n<meta name=\"twitter:card\" content=\"summary_large_image\" \/>\n<meta name=\"twitter:label1\" content=\"Tempo di lettura stimato\" \/>\n\t<meta name=\"twitter:data1\" content=\"1 minuto\" \/>\n<script type=\"application\/ld+json\" class=\"yoast-schema-graph\">{\"@context\":\"https:\/\/schema.org\",\"@graph\":[{\"@type\":\"WebSite\",\"@id\":\"http:\/\/www.ilfieniledellanonna.it\/www\/#website\",\"url\":\"http:\/\/www.ilfieniledellanonna.it\/www\/\",\"name\":\"Il fienile della nonna\",\"description\":\"Introd - Valle d&#039;Aosta\",\"potentialAction\":[{\"@type\":\"SearchAction\",\"target\":{\"@type\":\"EntryPoint\",\"urlTemplate\":\"http:\/\/www.ilfieniledellanonna.it\/www\/?s={search_term_string}\"},\"query-input\":\"required name=search_term_string\"}],\"inLanguage\":\"it-IT\"},{\"@type\":\"ImageObject\",\"@id\":\"http:\/\/www.ilfieniledellanonna.it\/www\/fr\/home-3\/#primaryimage\",\"inLanguage\":\"it-IT\",\"url\":\"http:\/\/www.ilfieniledellanonna.it\/www\/wp-content\/uploads\/2019\/02\/IMG_1474_risultato.jpg\",\"contentUrl\":\"http:\/\/www.ilfieniledellanonna.it\/www\/wp-content\/uploads\/2019\/02\/IMG_1474_risultato.jpg\",\"width\":1024,\"height\":768},{\"@type\":\"WebPage\",\"@id\":\"http:\/\/www.ilfieniledellanonna.it\/www\/fr\/home-3\/#webpage\",\"url\":\"http:\/\/www.ilfieniledellanonna.it\/www\/fr\/home-3\/\",\"name\":\"Home - Il fienile della nonna\",\"isPartOf\":{\"@id\":\"http:\/\/www.ilfieniledellanonna.it\/www\/#website\"},\"primaryImageOfPage\":{\"@id\":\"http:\/\/www.ilfieniledellanonna.it\/www\/fr\/home-3\/#primaryimage\"},\"datePublished\":\"2019-02-06T20:54:30+00:00\",\"dateModified\":\"2019-02-12T17:29:45+00:00\",\"breadcrumb\":{\"@id\":\"http:\/\/www.ilfieniledellanonna.it\/www\/fr\/home-3\/#breadcrumb\"},\"inLanguage\":\"it-IT\",\"potentialAction\":[{\"@type\":\"ReadAction\",\"target\":[\"http:\/\/www.ilfieniledellanonna.it\/www\/fr\/home-3\/\"]}]},{\"@type\":\"BreadcrumbList\",\"@id\":\"http:\/\/www.ilfieniledellanonna.it\/www\/fr\/home-3\/#breadcrumb\",\"itemListElement\":[{\"@type\":\"ListItem\",\"position\":1,\"name\":\"Home\",\"item\":\"http:\/\/www.ilfieniledellanonna.it\/www\/\"},{\"@type\":\"ListItem\",\"position\":2,\"name\":\"Home\"}]}]}<\/script>\n<!-- \/ Yoast SEO plugin. -->","yoast_head_json":{"title":"Home - Il fienile della nonna","robots":{"index":"index","follow":"follow","max-snippet":"max-snippet:-1","max-image-preview":"max-image-preview:large","max-video-preview":"max-video-preview:-1"},"canonical":"http:\/\/www.ilfieniledellanonna.it\/www\/fr\/home-3\/","og_locale":"it_IT","og_type":"article","og_title":"Home - Il fienile della nonna","og_description":"Introd Introd, \u00ab&nbsp; entre-eaux&nbsp; \u00bb, est un charmant village qui se trouve \u00e0 quinze kilom\u00e8tres d&#8217;Aoste \u00e0 l&#8217;entr\u00e9e de la Vall\u00e9e de Rh\u00eames et de la Valsavarenche, o\u00f9 le Parc National du Grand Paradis commence. Il est le village \u00ab&nbsp; aim\u00e9 par les Papes&nbsp; \u00bb qui ont pass\u00e9 ici quelques-unes de leurs vacances estivales.D\u00e9couvrez-en davantage&#8230; [&hellip;]","og_url":"http:\/\/www.ilfieniledellanonna.it\/www\/fr\/home-3\/","og_site_name":"Il fienile della nonna","article_modified_time":"2019-02-12T17:29:45+00:00","og_image":[{"url":"http:\/\/www.ilfieniledellanonna.it\/www\/wp-content\/uploads\/2019\/02\/IMG_1474_risultato-1024x768.jpg"}],"twitter_card":"summary_large_image","twitter_misc":{"Tempo di lettura stimato":"1 minuto"},"schema":{"@context":"https:\/\/schema.org","@graph":[{"@type":"WebSite","@id":"http:\/\/www.ilfieniledellanonna.it\/www\/#website","url":"http:\/\/www.ilfieniledellanonna.it\/www\/","name":"Il fienile della nonna","description":"Introd - Valle d&#039;Aosta","potentialAction":[{"@type":"SearchAction","target":{"@type":"EntryPoint","urlTemplate":"http:\/\/www.ilfieniledellanonna.it\/www\/?s={search_term_string}"},"query-input":"required name=search_term_string"}],"inLanguage":"it-IT"},{"@type":"ImageObject","@id":"http:\/\/www.ilfieniledellanonna.it\/www\/fr\/home-3\/#primaryimage","inLanguage":"it-IT","url":"http:\/\/www.ilfieniledellanonna.it\/www\/wp-content\/uploads\/2019\/02\/IMG_1474_risultato.jpg","contentUrl":"http:\/\/www.ilfieniledellanonna.it\/www\/wp-content\/uploads\/2019\/02\/IMG_1474_risultato.jpg","width":1024,"height":768},{"@type":"WebPage","@id":"http:\/\/www.ilfieniledellanonna.it\/www\/fr\/home-3\/#webpage","url":"http:\/\/www.ilfieniledellanonna.it\/www\/fr\/home-3\/","name":"Home - Il fienile della nonna","isPartOf":{"@id":"http:\/\/www.ilfieniledellanonna.it\/www\/#website"},"primaryImageOfPage":{"@id":"http:\/\/www.ilfieniledellanonna.it\/www\/fr\/home-3\/#primaryimage"},"datePublished":"2019-02-06T20:54:30+00:00","dateModified":"2019-02-12T17:29:45+00:00","breadcrumb":{"@id":"http:\/\/www.ilfieniledellanonna.it\/www\/fr\/home-3\/#breadcrumb"},"inLanguage":"it-IT","potentialAction":[{"@type":"ReadAction","target":["http:\/\/www.ilfieniledellanonna.it\/www\/fr\/home-3\/"]}]},{"@type":"BreadcrumbList","@id":"http:\/\/www.ilfieniledellanonna.it\/www\/fr\/home-3\/#breadcrumb","itemListElement":[{"@type":"ListItem","position":1,"name":"Home","item":"http:\/\/www.ilfieniledellanonna.it\/www\/"},{"@type":"ListItem","position":2,"name":"Home"}]}]}},"_links":{"self":[{"href":"http:\/\/www.ilfieniledellanonna.it\/www\/wp-json\/wp\/v2\/pages\/309"}],"collection":[{"href":"http:\/\/www.ilfieniledellanonna.it\/www\/wp-json\/wp\/v2\/pages"}],"about":[{"href":"http:\/\/www.ilfieniledellanonna.it\/www\/wp-json\/wp\/v2\/types\/page"}],"author":[{"embeddable":true,"href":"http:\/\/www.ilfieniledellanonna.it\/www\/wp-json\/wp\/v2\/users\/1"}],"replies":[{"embeddable":true,"href":"http:\/\/www.ilfieniledellanonna.it\/www\/wp-json\/wp\/v2\/comments?post=309"}],"version-history":[{"count":3,"href":"http:\/\/www.ilfieniledellanonna.it\/www\/wp-json\/wp\/v2\/pages\/309\/revisions"}],"predecessor-version":[{"id":628,"href":"http:\/\/www.ilfieniledellanonna.it\/www\/wp-json\/wp\/v2\/pages\/309\/revisions\/628"}],"wp:attachment":[{"href":"http:\/\/www.ilfieniledellanonna.it\/www\/wp-json\/wp\/v2\/media?parent=309"}],"curies":[{"name":"wp","href":"https:\/\/api.w.org\/{rel}","templated":true}]}}