{"id":243,"date":"2019-02-06T20:22:04","date_gmt":"2019-02-06T19:22:04","guid":{"rendered":"http:\/\/www.ilfieniledellanonna.it\/www\/?page_id=243"},"modified":"2019-02-06T20:22:04","modified_gmt":"2019-02-06T19:22:04","slug":"cookie-policy","status":"publish","type":"page","link":"http:\/\/www.ilfieniledellanonna.it\/www\/cookie-policy\/","title":{"rendered":"Cookie policy"},"content":{"rendered":"<p>Uso dei cookie<\/p>\n<p>ilfieniledellanonna.it o il \u201cSito\u201d utilizza i Cookie per rendere i propri servizi semplici e efficienti per l\u2019utenza che visiona le pagine di parc-animalier-introd.it.<\/p>\n<p>Gli utenti che visionano il Sito, vedranno inserite delle quantit\u00e0 minime di informazioni nei dispositivi in uso, che siano computer e periferiche mobili, in piccoli file di testo denominati \u201ccookie\u201d salvati nelle directory utilizzate dal browser web dell\u2019Utente.<\/p>\n<p>Disabilitando i cookie alcuni dei nostri servizi potrebbero non funzionare correttamente e alcune pagine non le visualizzerai correttamente.<\/p>\n<p>Vi sono vari tipi di cookie, alcuni per rendere pi\u00f9 efficace l\u2019uso del Sito, altri per abilitare determinate funzionalit\u00e0.<\/p>\n<p>Analizzandoli in maniera particolareggiata i nostri cookie permettono di:<\/p>\n<p>memorizzare le preferenze inserite<br \/>\nevitare di reinserire le stesse informazioni pi\u00f9 volte durante la visita quali ad esempio nome utente e password<br \/>\nanalizzare l\u2019utilizzo dei servizi e dei contenuti forniti da parc-animalier-introd.it per ottimizzarne l\u2019esperienza di navigazione e i servizi offerti<br \/>\nTipologie di Cookie utilizzati da parc-animalier-introd.it<\/p>\n<p>A seguire i vari tipi di cookie utilizzati da parc-animalier-introd.it in funzione delle finalit\u00e0 d\u2019uso<\/p>\n<p>Cookie Tecnici<\/p>\n<p>Questa tipologia di cookie \u00e8 strettamente necessaria al corretto funzionamento di alcune sezioni del Sito. Sono di due categorie: persistenti e di sessione:<\/p>\n<p>persistenti: una volta chiuso il browser non vengono distrutti ma rimangono fino ad una data di scadenza preimpostata<br \/>\ndi sessioni: vengono distrutti ogni volta che il browser viene chiuso<br \/>\nQuesti cookie, inviati sempre dal nostro dominio, sono necessari a visualizzare correttamente il sito e in relazione ai servizi tecnici offerti, verranno quindi sempre utilizzati e inviati, a meno che l\u2019utenza non modifichi le impostazioni nel proprio browser (inficiando cos\u00ec la visualizzazione delle pagine del sito).<\/p>\n<p>Cookie analitici<\/p>\n<p>I cookie in questa categoria vengono utilizzati per collezionare informazioni sull\u2019uso del sito. parc-animalier-introd.it user\u00e0 queste informazioni in merito ad analisi statistiche anonime al fine di migliorare l\u2019utilizzo del Sito e per rendere i contenuti pi\u00f9 interessanti e attinenti ai desideri dell\u2019utenza. Questa tipologia di cookie raccoglie dati in forma anonima sull\u2019attivit\u00e0 dell\u2019utenza e su come \u00e8 arrivata sul Sito. I cookie analitici sono inviati dal Sito Stesso o da domini di terze parti.<\/p>\n<p>Cookie di analisi di servizi di terze parti<\/p>\n<p>Questi cookie sono utilizzati al fine di raccogliere informazioni sull\u2019uso del Sito da parte degli utenti in forma anonima quali: pagine visitate, tempo di permanenza, origini del traffico di provenienza, provenienza geografica, et\u00e0, genere e interessi ai fini di campagne di marketing. Questi cookie sono inviati da domini di terze parti esterni al Sito, nel nostro caso da Google Analytics.<\/p>\n<p>Cookie per integrare prodotti e funzioni di software di terze parti<\/p>\n<p>Questa tipologia di cookie integra funzionalit\u00e0 sviluppate da terzi all\u2019interno delle pagine del Sito come le icone e le preferenze espresse nei social network al fine di condivisione dei contenuti del sito o per l\u2019uso di servizi software di terze parti (come i software per generare le mappe e ulteriori software che offrono servizi aggiuntivi). Questi cookie sono inviati da domini di terze parti e da siti partner che offrono le loro funzionalit\u00e0 tra le pagine del Sito.<\/p>\n<p>Cookie di profilazione<\/p>\n<p>Sono quei cookie necessari a creare profili utenti al fine di inviare messaggi pubblicitari in linea con le preferenze manifestate dall\u2019utente all\u2019interno delle pagine del Sito.<\/p>\n<p>parc-animalier-introd.it, secondo la normativa vigente, non \u00e8 tenuto a chiedere consenso per i cookie tecnici, in quanto necessari a fornire i servizi richiesti.<\/p>\n<p>Per tutte le altre tipologie di cookie il consenso pu\u00f2 essere espresso dall\u2019Utente con una o pi\u00f9 di una delle seguenti modalit\u00e0:<\/p>\n<p>Mediante specifiche configurazioni del browser utilizzato o dei relativi programmi informatici utilizzati per navigare le pagine che compongono il Sito.<br \/>\nMediante modifica delle impostazioni nell\u2019uso dei servizi di terze parti<br \/>\nEntrambe queste soluzioni potrebbero impedire all\u2019utente di utilizzare o visualizzare parti del Sito.<\/p>\n<p>Siti Web e servizi di terze parti<\/p>\n<p>Il Sito potrebbe contenere collegamenti ad altri siti Web che dispongono di una propria informativa sulla privacy che pu\u00f2 essere diverse da quella adottata da parc-animalier-introd.it e che che quindi non risponde di questi siti.<\/p>\n<p>Cookie utilizzati da parc-animalier-introd.it<\/p>\n<p>Tipo di Cookie\tDescrizione dell\u2019uso\tDati Raccolti\tPolicy Link e Luogo del trattamento<br \/>\nForm o Modulo di Contatto\tL\u2019utente acconsente all\u2019utilizzo dei dati inseriti nel form di contatto al fine di rispondere alle richieste di preventivo, di informazione, di prenotazione o di qualunque altro motivo (indicato nel titolo del modulo).\tNome, cognome, indirizzo email e telefono, dati scolastici\tITA  -Tutela della privacy<br \/>\nPulsante Mi Piace e servizi terzi di Facebook, Inc.\tIl pulsante \u201cMi Piace\u201d e i servizi di Facebook sono necessari all\u2019interazione con il social network Facebook e vengono forniti da Facebook, Inc.\tCookie e dati di utilizzo\tUSA \u2013 Privacy Policy \u2013 Maggiori informazioni<br \/>\nPulsante Tweet e servizi terzi di Twitter, Inc.\tIl pulsante \u201cTweet\u201d e i servizi correlati sono necessari all\u2019interazione con il social network Twitter e vengono forniti da Twitter, Inc.\tCookie e dati di utilizzo\tUSA \u2013 Privacy Policy \u2013 Maggiori informazioni<br \/>\nInstagram e servizi terzi di Instagram Inc.\tIl pulsante \u201cInstagram\u201d e i servizi correlati sono necessari all\u2019interazione con il social network Instagram e vengono forniti da Instagram, Inc.\tCookie e dati di utilizzo\tUSA &#8211; Privacy Policy<br \/>\nYoutube e servizi terzi di Google Inc.\tYoutube \u00e8 un social network dedicato alla visualizzazione di contenuti video ed \u00e8 gestito da Google Inc. con la possibilit\u00e0 di integrare i contenuti all\u2019interno delle proprie pagine\tCookie e dati di utilizzo\tUSA \u2013 Privacy Policy \u2013 Opt in<\/p>\n<p>Analisi degli accessi di Google Analytics e servizi terzi di Google Inc.\tGli accessi e le interazioni dell\u2019utenza su questo sito sono analizzati mediante il servizio di Google Analytics gestito da Google, Inc.\tCookie e dati di utilizzo\tUSA \u2013 Privacy Policy \u2013 Opt in<\/p>\n<p>Come disabilitare i cookie mediante configurazione del browser<\/p>\n<p>Chrome<\/p>\n<p>Eseguire il Browser Chrome<\/p>\n<p>Fare click sul men\u00f9 chrome impostazioni presente nella barra degli strumenti del browser a fianco della finestra di inserimento url per la navigazione<\/p>\n<p>Selezionare Impostazioni<br \/>\nFare clic su Mostra Impostazioni Avanzate<br \/>\nNella sezione \u201cPrivacy\u201d fare clic su bottone \u201cImpostazioni contenuti\u201c<br \/>\nNella sezione \u201cCookie\u201d \u00e8 possibile modificare le seguenti impostazioni relative ai cookie: Consentire il salvataggio dei dati in locale<br \/>\nModificare i dati locali solo fino alla chiusura del browser<br \/>\nImpedire ai siti di impostare i cookie<br \/>\nBloccare i cookie di terze parti e i dati dei siti<br \/>\nGestire le eccezioni per alcuni siti internet<br \/>\nEliminazione di uno o tutti i cookie<\/p>\n<p>Mozilla Firefox<\/p>\n<p>Eseguire il Browser Mozilla Firefox<\/p>\n<p>Fare click sul men\u00f9 firefox impostazioni presente nella barra degli strumenti del browser a fianco della finestra di inserimento url per la navigazione<\/p>\n<p>Selezionare Opzioni<br \/>\nSeleziona il pannello Privacy<br \/>\nFare clic su Mostra Impostazioni Avanzate<br \/>\nNella sezione \u201cPrivacy\u201d fare clic su bottone \u201cImpostazioni contenuti\u201c<\/p>\n<p>Nella sezione \u201cTracciamento\u201d \u00e8 possibile modificare le seguenti impostazioni relative ai cookie:<\/p>\n<p>Richiedi ai siti di non effettuare alcun tracciamento<br \/>\nComunica ai siti la disponibilit\u00e0 ad essere tracciato<br \/>\nNon comunicare alcuna preferenza relativa al tracciamento dei dati personali Dalla sezione \u201cCronologia\u201d \u00e8 possibile:<\/p>\n<p>Abilitando \u201cUtilizza impostazioni personalizzate\u201d selezionare di accettare i cookie di terze parti (sempre, dai siti pi\u00f9 visitato o mai) e di conservarli per un periodo determinato (fino alla loro scadenza, alla chiusura di Firefox o di chiedere ogni volta)<\/p>\n<p>Rimuovere i singoli cookie immagazzinati<\/p>\n<p>Internet Explorer<\/p>\n<p>Eseguire il Browser Internet Explorer<br \/>\nFare click sul pulsante Strumenti e scegliere Opzioni Internet<\/p>\n<p>Fare click sulla scheda Privacy e nella sezione Impostazioni modificare il dispositivo di scorrimento in funzione dell\u2019azione desiderata per i cookie:<\/p>\n<p>Bloccare tutti i cookie<\/p>\n<p>Consentire tutti i cookie<\/p>\n<p>Selezione dei siti da cui ottenere cookie: spostare il cursore in una posizione intermedia in modo da non bloccare o consentire tutti i cookie, premere quindi su Siti, nella casella Indirizzo Sito Web inserire un sito internet e quindi premere su Blocca o Consenti<\/p>\n<p>Safari 6<\/p>\n<p>Eseguire il Browser Safari<br \/>\nFare click su Safari, selezionare Preferenze e premere su Privacy<\/p>\n<p>Nella sezione Blocca Cookie specificare come Safari deve accettare i cookie dai siti internet.<\/p>\n<p>Per visionare quali siti hanno immagazzinato i cookie cliccare su Dettagli<\/p>\n<p>Per maggiori informazioni visita la pagina dedicata.<\/p>\n<p>Safari iOS (dispositivi mobile)<\/p>\n<p>Eseguire il Browser Safari iOS Tocca su Impostazioni e poi Safari<\/p>\n<p>Tocca su Blocca Cookie e scegli tra le varie opzioni: \u201cMai\u201d, \u201cDi terze parti e inserzionisti\u201d o \u201cSempre\u201d<\/p>\n<p>Per cancellare tutti i cookie immagazzinati da Safari, tocca su Impostazioni, poi su Safari e infine su Cancella Cookie e dati<\/p>\n<p>Opera<\/p>\n<p>Eseguire il Browser Opera<\/p>\n<p>Fare click sul Preferenze poi su Avanzate e infine su Cookie<\/p>\n<p>Selezionare una delle seguenti opzioni:<\/p>\n<p>Accetta tutti i cookie<\/p>\n<p>Accetta i cookie solo dal sito che si visita: i cookie di terze parti e che vengono inviati da un dominio diverso da quello che si sta visitando verranno rifiutati<\/p>\n<p>Non accettare mai i cookie: tutti i cookie non verranno mai salvati<\/p>\n<p>Come disabilitare i cookie di servizi di terzi Servizi di Google<br \/>\nFacebook<br \/>\nTwitter<\/p>\n<p>Questa pagina \u00e8 visibile, mediante link in calce in tutte le pagine del Sito ai sensi dell\u2019art. 122 secondo comma del D.lgs. 196\/2003 e a seguito delle modalit\u00e0 semplificate per l\u2019informativa e l\u2019acquisizione del consenso per l\u2019uso dei cookie pubblicata sulla Gazzetta Ufficiale n.126 del 3 giugno 2014 e relativo registro dei provvedimenti n.229 dell\u20198 maggio 2014.<\/p>\n","protected":false},"excerpt":{"rendered":"<p>Uso dei cookie ilfieniledellanonna.it o il \u201cSito\u201d utilizza i Cookie per rendere i propri servizi semplici e efficienti per l\u2019utenza che visiona le pagine di parc-animalier-introd.it. Gli utenti che visionano il Sito, vedranno inserite delle quantit\u00e0 minime di informazioni nei dispositivi in uso, che siano computer e periferiche mobili, in piccoli file di testo denominati [&hellip;]<\/p>\n","protected":false},"author":1,"featured_media":0,"parent":0,"menu_order":0,"comment_status":"closed","ping_status":"closed","template":"","meta":{"_monsterinsights_skip_tracking":false,"_monsterinsights_sitenote_active":false,"_monsterinsights_sitenote_note":"","_monsterinsights_sitenote_category":0},"yoast_head":"<!-- This site is optimized with the Yoast SEO plugin v18.0 - https:\/\/yoast.com\/wordpress\/plugins\/seo\/ -->\n<title>Cookie policy - Il fienile della nonna<\/title>\n<meta name=\"robots\" content=\"index, follow, max-snippet:-1, max-image-preview:large, max-video-preview:-1\" \/>\n<link rel=\"canonical\" href=\"http:\/\/www.ilfieniledellanonna.it\/www\/cookie-policy\/\" \/>\n<meta property=\"og:locale\" content=\"it_IT\" \/>\n<meta property=\"og:type\" content=\"article\" \/>\n<meta property=\"og:title\" content=\"Cookie policy - Il fienile della nonna\" \/>\n<meta property=\"og:description\" content=\"Uso dei cookie ilfieniledellanonna.it o il \u201cSito\u201d utilizza i Cookie per rendere i propri servizi semplici e efficienti per l\u2019utenza che visiona le pagine di parc-animalier-introd.it. Gli utenti che visionano il Sito, vedranno inserite delle quantit\u00e0 minime di informazioni nei dispositivi in uso, che siano computer e periferiche mobili, in piccoli file di testo denominati [&hellip;]\" \/>\n<meta property=\"og:url\" content=\"http:\/\/www.ilfieniledellanonna.it\/www\/cookie-policy\/\" \/>\n<meta property=\"og:site_name\" content=\"Il fienile della nonna\" \/>\n<meta name=\"twitter:card\" content=\"summary_large_image\" \/>\n<meta name=\"twitter:label1\" content=\"Tempo di lettura stimato\" \/>\n\t<meta name=\"twitter:data1\" content=\"8 minuti\" \/>\n<script type=\"application\/ld+json\" class=\"yoast-schema-graph\">{\"@context\":\"https:\/\/schema.org\",\"@graph\":[{\"@type\":\"WebSite\",\"@id\":\"http:\/\/www.ilfieniledellanonna.it\/www\/#website\",\"url\":\"http:\/\/www.ilfieniledellanonna.it\/www\/\",\"name\":\"Il fienile della nonna\",\"description\":\"Introd - Valle d&#039;Aosta\",\"potentialAction\":[{\"@type\":\"SearchAction\",\"target\":{\"@type\":\"EntryPoint\",\"urlTemplate\":\"http:\/\/www.ilfieniledellanonna.it\/www\/?s={search_term_string}\"},\"query-input\":\"required name=search_term_string\"}],\"inLanguage\":\"it-IT\"},{\"@type\":\"WebPage\",\"@id\":\"http:\/\/www.ilfieniledellanonna.it\/www\/cookie-policy\/#webpage\",\"url\":\"http:\/\/www.ilfieniledellanonna.it\/www\/cookie-policy\/\",\"name\":\"Cookie policy - Il fienile della nonna\",\"isPartOf\":{\"@id\":\"http:\/\/www.ilfieniledellanonna.it\/www\/#website\"},\"datePublished\":\"2019-02-06T19:22:04+00:00\",\"dateModified\":\"2019-02-06T19:22:04+00:00\",\"breadcrumb\":{\"@id\":\"http:\/\/www.ilfieniledellanonna.it\/www\/cookie-policy\/#breadcrumb\"},\"inLanguage\":\"it-IT\",\"potentialAction\":[{\"@type\":\"ReadAction\",\"target\":[\"http:\/\/www.ilfieniledellanonna.it\/www\/cookie-policy\/\"]}]},{\"@type\":\"BreadcrumbList\",\"@id\":\"http:\/\/www.ilfieniledellanonna.it\/www\/cookie-policy\/#breadcrumb\",\"itemListElement\":[{\"@type\":\"ListItem\",\"position\":1,\"name\":\"Home\",\"item\":\"http:\/\/www.ilfieniledellanonna.it\/www\/\"},{\"@type\":\"ListItem\",\"position\":2,\"name\":\"Cookie policy\"}]}]}<\/script>\n<!-- \/ Yoast SEO plugin. -->","yoast_head_json":{"title":"Cookie policy - Il fienile della nonna","robots":{"index":"index","follow":"follow","max-snippet":"max-snippet:-1","max-image-preview":"max-image-preview:large","max-video-preview":"max-video-preview:-1"},"canonical":"http:\/\/www.ilfieniledellanonna.it\/www\/cookie-policy\/","og_locale":"it_IT","og_type":"article","og_title":"Cookie policy - Il fienile della nonna","og_description":"Uso dei cookie ilfieniledellanonna.it o il \u201cSito\u201d utilizza i Cookie per rendere i propri servizi semplici e efficienti per l\u2019utenza che visiona le pagine di parc-animalier-introd.it. Gli utenti che visionano il Sito, vedranno inserite delle quantit\u00e0 minime di informazioni nei dispositivi in uso, che siano computer e periferiche mobili, in piccoli file di testo denominati [&hellip;]","og_url":"http:\/\/www.ilfieniledellanonna.it\/www\/cookie-policy\/","og_site_name":"Il fienile della nonna","twitter_card":"summary_large_image","twitter_misc":{"Tempo di lettura stimato":"8 minuti"},"schema":{"@context":"https:\/\/schema.org","@graph":[{"@type":"WebSite","@id":"http:\/\/www.ilfieniledellanonna.it\/www\/#website","url":"http:\/\/www.ilfieniledellanonna.it\/www\/","name":"Il fienile della nonna","description":"Introd - Valle d&#039;Aosta","potentialAction":[{"@type":"SearchAction","target":{"@type":"EntryPoint","urlTemplate":"http:\/\/www.ilfieniledellanonna.it\/www\/?s={search_term_string}"},"query-input":"required name=search_term_string"}],"inLanguage":"it-IT"},{"@type":"WebPage","@id":"http:\/\/www.ilfieniledellanonna.it\/www\/cookie-policy\/#webpage","url":"http:\/\/www.ilfieniledellanonna.it\/www\/cookie-policy\/","name":"Cookie policy - Il fienile della nonna","isPartOf":{"@id":"http:\/\/www.ilfieniledellanonna.it\/www\/#website"},"datePublished":"2019-02-06T19:22:04+00:00","dateModified":"2019-02-06T19:22:04+00:00","breadcrumb":{"@id":"http:\/\/www.ilfieniledellanonna.it\/www\/cookie-policy\/#breadcrumb"},"inLanguage":"it-IT","potentialAction":[{"@type":"ReadAction","target":["http:\/\/www.ilfieniledellanonna.it\/www\/cookie-policy\/"]}]},{"@type":"BreadcrumbList","@id":"http:\/\/www.ilfieniledellanonna.it\/www\/cookie-policy\/#breadcrumb","itemListElement":[{"@type":"ListItem","position":1,"name":"Home","item":"http:\/\/www.ilfieniledellanonna.it\/www\/"},{"@type":"ListItem","position":2,"name":"Cookie policy"}]}]}},"_links":{"self":[{"href":"http:\/\/www.ilfieniledellanonna.it\/www\/wp-json\/wp\/v2\/pages\/243"}],"collection":[{"href":"http:\/\/www.ilfieniledellanonna.it\/www\/wp-json\/wp\/v2\/pages"}],"about":[{"href":"http:\/\/www.ilfieniledellanonna.it\/www\/wp-json\/wp\/v2\/types\/page"}],"author":[{"embeddable":true,"href":"http:\/\/www.ilfieniledellanonna.it\/www\/wp-json\/wp\/v2\/users\/1"}],"replies":[{"embeddable":true,"href":"http:\/\/www.ilfieniledellanonna.it\/www\/wp-json\/wp\/v2\/comments?post=243"}],"version-history":[{"count":1,"href":"http:\/\/www.ilfieniledellanonna.it\/www\/wp-json\/wp\/v2\/pages\/243\/revisions"}],"predecessor-version":[{"id":245,"href":"http:\/\/www.ilfieniledellanonna.it\/www\/wp-json\/wp\/v2\/pages\/243\/revisions\/245"}],"wp:attachment":[{"href":"http:\/\/www.ilfieniledellanonna.it\/www\/wp-json\/wp\/v2\/media?parent=243"}],"curies":[{"name":"wp","href":"https:\/\/api.w.org\/{rel}","templated":true}]}}